{"id":71,"date":"2012-05-24T21:41:46","date_gmt":"2012-05-24T21:41:46","guid":{"rendered":"http:\/\/www.neukoellner-sportfreunde.de\/?page_id=71"},"modified":"2021-02-05T19:07:14","modified_gmt":"2021-02-05T19:07:14","slug":"tanzen","status":"publish","type":"page","link":"http:\/\/www.neukoellner-sportfreunde.de\/?page_id=71","title":{"rendered":"Tanzen"},"content":{"rendered":"<h4>Tanzen bei den Neuk\u00f6llner Sportfreunden. Eine Abteilung der Neuk\u00f6llner Sportfreunde seit 1995.<\/h4>\n<p>E-Mail: <a href=\"mailto:tanzen@neukoellner-sportfreunde.de\">tanzen@neukoellner-sportfreunde.de<\/a><\/p>\n<p>\u00a0<\/p>\n<p>Die Tanzsportabteilung befindet sich zur Zeit im Neuaufbau, nachdem die T\u00e4nzer 2016 heimlich einen eigenst\u00e4ndigen Verein gegr\u00fcndet hatten und geschlossen dort hin gewechselt sind.<\/p>\n\n\n<p><\/p>\n","protected":false},"excerpt":{"rendered":"<p>Tanzen bei den Neuk\u00f6llner Sportfreunden. Eine Abteilung der Neuk\u00f6llner Sportfreunde seit 1995. E-Mail: tanzen@neukoellner-sportfreunde.de \u00a0 Die Tanzsportabteilung befindet sich zur Zeit im Neuaufbau, nachdem die T\u00e4nzer 2016 heimlich einen eigenst\u00e4ndigen Verein gegr\u00fcndet hatten und geschlossen dort hin gewechselt sind.<\/p>\n","protected":false},"author":1,"featured_media":0,"parent":38,"menu_order":0,"comment_status":"closed","ping_status":"closed","template":"","meta":{"footnotes":""},"class_list":["post-71","page","type-page","status-publish","hentry"],"_links":{"self":[{"href":"http:\/\/www.neukoellner-sportfreunde.de\/index.php?rest_route=\/wp\/v2\/pages\/71","targetHints":{"allow":["GET"]}}],"collection":[{"href":"http:\/\/www.neukoellner-sportfreunde.de\/index.php?rest_route=\/wp\/v2\/pages"}],"about":[{"href":"http:\/\/www.neukoellner-sportfreunde.de\/index.php?rest_route=\/wp\/v2\/types\/page"}],"author":[{"embeddable":true,"href":"http:\/\/www.neukoellner-sportfreunde.de\/index.php?rest_route=\/wp\/v2\/users\/1"}],"replies":[{"embeddable":true,"href":"http:\/\/www.neukoellner-sportfreunde.de\/index.php?rest_route=%2Fwp%2Fv2%2Fcomments&post=71"}],"version-history":[{"count":2,"href":"http:\/\/www.neukoellner-sportfreunde.de\/index.php?rest_route=\/wp\/v2\/pages\/71\/revisions"}],"predecessor-version":[{"id":1713,"href":"http:\/\/www.neukoellner-sportfreunde.de\/index.php?rest_route=\/wp\/v2\/pages\/71\/revisions\/1713"}],"up":[{"embeddable":true,"href":"http:\/\/www.neukoellner-sportfreunde.de\/index.php?rest_route=\/wp\/v2\/pages\/38"}],"wp:attachment":[{"href":"http:\/\/www.neukoellner-sportfreunde.de\/index.php?rest_route=%2Fwp%2Fv2%2Fmedia&parent=71"}],"curies":[{"name":"wp","href":"https:\/\/api.w.org\/{rel}","templated":true}]}}