{"id":55,"date":"2012-05-24T21:38:57","date_gmt":"2012-05-24T21:38:57","guid":{"rendered":"http:\/\/www.neukoellner-sportfreunde.de\/?page_id=55"},"modified":"2021-08-13T12:32:59","modified_gmt":"2021-08-13T12:32:59","slug":"eiskunstlauf","status":"publish","type":"page","link":"http:\/\/www.neukoellner-sportfreunde.de\/?page_id=55","title":{"rendered":"Eiskunstlauf"},"content":{"rendered":"<h4>Eiskunstlaufen bei den Neuk\u00f6llner Sportfreunden. Eine Abteilung der Neuk\u00f6llner Sportfreunde seit 1951.<\/h4>\n<p><strong>Vorsitzende:<\/strong><\/p>\n<p>Manuela Ebert<br \/>\nKettinger Str. 66<br \/>\n12305 Berlin<\/p>\n<p>Tel. (030) 3462 4012<\/p>\n<p>E-Mail: <a href=\"mailto:eiskunstlaufen@neukoellner-sportfreunde.de\">eiskunstlaufen@neukoellner-sportfreunde.de<\/a><\/p>\n<p><a title=\"zur Homepage der Eiskunstl\u00e4ufer\" href=\"http:\/\/www.nsf-eiskunstlauf.de\" target=\"_blank\" rel=\"noopener noreferrer\">Homepage<\/a> der Eiskunstl\u00e4ufer<br \/>\n<strong><br \/>\n<\/strong><\/p>\n<p><strong>Kontodaten: <span style=\"color: #ff0000;\">neu &#8211; neu &#8211; neu<\/span><br \/>\n<\/strong><\/p>\n<p align=\"left\"><span style=\"text-decoration: underline;\">Abteilungskonto<\/span><br \/>\n<span style=\"font-family: Arial,Helvetica,Geneva,Sans-serif,sans-serif;\">IBAN: DE11 1005 0000 0190 6545 20<br \/>\nBank: Berliner Sparkasse<\/span><\/p>\n<p><span style=\"text-decoration: underline;\">Eislauflernschule<br \/>\n<\/span><span style=\"font-family: Arial,Helvetica,Geneva,Sans-serif,sans-serif;\">IBAN: DE10 1005 0000 0190 6545 38<br \/>\nBank: Berliner Sparkasse<\/span><\/p>\n<p>Die \u00fcberm\u00e4chtige Konkurrenz aus dem Ostteil Berlins macht im Eislaufbereich den Weg an die Spitze schwierig. Gleichwohl klopfen mit Chantal Volkmann-Richter, Melanie Ku\u00dfmann, Nicole F\u00f6rster und anderen einige NSFerinnen an die T\u00fcr nach oben.<\/p>\n<p>Besonders erfolgreich sind einige Eiskunstl\u00e4uferinnen Laura Volkmann, Lena-Marie Burmeister, Sophie Brade und Luisa Verworrn in den Berliner Formationen, die seit Jahren die Deutsche Szene beherrschen.<\/p>\n","protected":false},"excerpt":{"rendered":"<p>Eiskunstlaufen bei den Neuk\u00f6llner Sportfreunden. Eine Abteilung der Neuk\u00f6llner Sportfreunde seit 1951. Vorsitzende: Manuela Ebert Kettinger Str. 66 12305 Berlin Tel. (030) 3462 4012 E-Mail: eiskunstlaufen@neukoellner-sportfreunde.de Homepage der Eiskunstl\u00e4ufer Kontodaten: neu &#8211; neu &#8211; neu Abteilungskonto IBAN: DE11 1005 0000 &hellip; <a href=\"http:\/\/www.neukoellner-sportfreunde.de\/?page_id=55\">Weiterlesen <span class=\"meta-nav\">&rarr;<\/span><\/a><\/p>\n","protected":false},"author":1,"featured_media":0,"parent":38,"menu_order":0,"comment_status":"closed","ping_status":"closed","template":"","meta":{"footnotes":""},"class_list":["post-55","page","type-page","status-publish","hentry"],"_links":{"self":[{"href":"http:\/\/www.neukoellner-sportfreunde.de\/index.php?rest_route=\/wp\/v2\/pages\/55","targetHints":{"allow":["GET"]}}],"collection":[{"href":"http:\/\/www.neukoellner-sportfreunde.de\/index.php?rest_route=\/wp\/v2\/pages"}],"about":[{"href":"http:\/\/www.neukoellner-sportfreunde.de\/index.php?rest_route=\/wp\/v2\/types\/page"}],"author":[{"embeddable":true,"href":"http:\/\/www.neukoellner-sportfreunde.de\/index.php?rest_route=\/wp\/v2\/users\/1"}],"replies":[{"embeddable":true,"href":"http:\/\/www.neukoellner-sportfreunde.de\/index.php?rest_route=%2Fwp%2Fv2%2Fcomments&post=55"}],"version-history":[{"count":1,"href":"http:\/\/www.neukoellner-sportfreunde.de\/index.php?rest_route=\/wp\/v2\/pages\/55\/revisions"}],"predecessor-version":[{"id":1785,"href":"http:\/\/www.neukoellner-sportfreunde.de\/index.php?rest_route=\/wp\/v2\/pages\/55\/revisions\/1785"}],"up":[{"embeddable":true,"href":"http:\/\/www.neukoellner-sportfreunde.de\/index.php?rest_route=\/wp\/v2\/pages\/38"}],"wp:attachment":[{"href":"http:\/\/www.neukoellner-sportfreunde.de\/index.php?rest_route=%2Fwp%2Fv2%2Fmedia&parent=55"}],"curies":[{"name":"wp","href":"https:\/\/api.w.org\/{rel}","templated":true}]}}